{"id":328,"date":"2026-04-13T13:50:12","date_gmt":"2026-04-13T13:50:12","guid":{"rendered":"https:\/\/josemanuelrestrepoied.edu.co\/?page_id=328"},"modified":"2026-04-14T17:41:53","modified_gmt":"2026-04-14T17:41:53","slug":"polifonias-de-la-memoria","status":"publish","type":"page","link":"https:\/\/josemanuelrestrepoied.edu.co\/en\/polifonias-de-la-memoria\/","title":{"rendered":"Polifonias de la memoria"},"content":{"rendered":"\n<hr class=\"wp-block-separator has-alpha-channel-opacity\"\/>\n\n\n\n<h2 class=\"wp-block-heading\">Edici\u00f3n especial del peri\u00f3dico del colegio \u00abChisme Acad\u00e9mico\u00bb<\/h2>\n\n\n\n<h6 class=\"wp-block-heading\"><strong>14 de abril de 2026<\/strong><\/h6>\n\n\n\n<p>Con motivo de la conmemoraci\u00f3n del 9 de abril, el proyecto Polifon\u00eda de las memorias realiz\u00f3 una edici\u00f3n especial del peri\u00f3dico del colegio \u00abChisme Acad\u00e9mico\u00bb, la cual comparto en este correo, con el \u00e1nimo de solicitarles amablemente el favor de publicarla en las redes del colegio, donde la comunidad pueda acceder y consultarlo.<br><\/p>\n\n\n\n<figure class=\"wp-block-embed is-type-rich is-provider-scribd wp-block-embed-scribd wp-embed-aspect-9-16 wp-has-aspect-ratio\"><div class=\"wp-block-embed__wrapper\">\n<iframe loading=\"lazy\" title=\"Periodico Jmr 9 de Abril 2026\" class=\"scribd_iframe_embed\" src=\"https:\/\/www.scribd.com\/embeds\/1026339271\/content\" data-aspect-ratio=\"0.7735849056603774\" scrolling=\"no\" id=\"1026339271\" width=\"1000\" height=\"1000\" frameborder=\"0\"><\/iframe><script type=\"text\/javascript\">                (function() { var scribd = document.createElement(\"script\"); scribd.type = \"text\/javascript\"; scribd.async = true; scribd.src = \"https:\/\/www.scribd.com\/javascripts\/embed_code\/inject.js\"; var s = document.getElementsByTagName(\"script\")[0]; s.parentNode.insertBefore(scribd, s); })()              <\/script>\n<\/div><\/figure>\n\n\n\n<hr class=\"wp-block-separator has-alpha-channel-opacity\"\/>\n\n\n\n<h2 class=\"wp-block-heading\">Conmemoraci\u00f3n d\u00eda nacional de la memoria y solidaridad con las v\u00edctimas del conflicto armado<\/h2>\n\n\n\n<h6 class=\"wp-block-heading\">10 de Abril de 2026<\/h6>\n\n\n\n<p>El pasado 9 de abril, el colegio Jos\u00e9 Manuel Restrepo conmemor\u00f3 el D\u00eda nacional de la memoria y solidaridad con las v\u00edctimas del conflicto armado. Estudiantes de diferentes cursos participaron en ejercicios pedag\u00f3gicos de reflexi\u00f3n, creaci\u00f3n y presentaci\u00f3n de manifestaciones emp\u00e1ticas respecto a la memoria como un derecho y un deber que toda sociedad requiere para comprender su pasado y resignificar su presente.<\/p>\n\n\n\n<div class=\"wp-block-group\"><div class=\"wp-block-group__inner-container is-layout-constrained wp-block-group-is-layout-constrained\">\n<div class=\"wp-block-columns are-vertically-aligned-center is-layout-flex wp-container-core-columns-is-layout-9d6595d7 wp-block-columns-is-layout-flex\">\n<div class=\"wp-block-column is-vertically-aligned-center is-layout-flow wp-block-column-is-layout-flow\" style=\"flex-basis:100%\">\n<figure class=\"wp-block-gallery has-nested-images columns-default is-cropped wp-block-gallery-1 is-layout-flex wp-block-gallery-is-layout-flex\">\n<figure class=\"wp-block-image size-large is-style-rounded\"><img loading=\"lazy\" decoding=\"async\" width=\"1024\" height=\"461\" data-id=\"319\" src=\"https:\/\/josemanuelrestrepoied.edu.co\/wp-content\/uploads\/2026\/04\/IMG_20260407_100842_994-1024x461.jpg\" alt=\"\" class=\"wp-image-319\" srcset=\"https:\/\/josemanuelrestrepoied.edu.co\/wp-content\/uploads\/2026\/04\/IMG_20260407_100842_994-1024x461.jpg 1024w, https:\/\/josemanuelrestrepoied.edu.co\/wp-content\/uploads\/2026\/04\/IMG_20260407_100842_994-300x135.jpg 300w, https:\/\/josemanuelrestrepoied.edu.co\/wp-content\/uploads\/2026\/04\/IMG_20260407_100842_994-768x346.jpg 768w, https:\/\/josemanuelrestrepoied.edu.co\/wp-content\/uploads\/2026\/04\/IMG_20260407_100842_994-1536x691.jpg 1536w, https:\/\/josemanuelrestrepoied.edu.co\/wp-content\/uploads\/2026\/04\/IMG_20260407_100842_994-2048x922.jpg 2048w, https:\/\/josemanuelrestrepoied.edu.co\/wp-content\/uploads\/2026\/04\/IMG_20260407_100842_994-18x8.jpg 18w\" sizes=\"auto, (max-width: 1024px) 100vw, 1024px\" \/><\/figure>\n\n\n\n<figure class=\"wp-block-image size-large\"><img loading=\"lazy\" decoding=\"async\" width=\"461\" height=\"1024\" data-id=\"343\" src=\"https:\/\/josemanuelrestrepoied.edu.co\/wp-content\/uploads\/2026\/04\/IMG_20260406_150254_225-461x1024.jpg\" alt=\"\" class=\"wp-image-343\" srcset=\"https:\/\/josemanuelrestrepoied.edu.co\/wp-content\/uploads\/2026\/04\/IMG_20260406_150254_225-461x1024.jpg 461w, https:\/\/josemanuelrestrepoied.edu.co\/wp-content\/uploads\/2026\/04\/IMG_20260406_150254_225-135x300.jpg 135w, https:\/\/josemanuelrestrepoied.edu.co\/wp-content\/uploads\/2026\/04\/IMG_20260406_150254_225-768x1707.jpg 768w, https:\/\/josemanuelrestrepoied.edu.co\/wp-content\/uploads\/2026\/04\/IMG_20260406_150254_225-691x1536.jpg 691w, https:\/\/josemanuelrestrepoied.edu.co\/wp-content\/uploads\/2026\/04\/IMG_20260406_150254_225-922x2048.jpg 922w, https:\/\/josemanuelrestrepoied.edu.co\/wp-content\/uploads\/2026\/04\/IMG_20260406_150254_225-5x12.jpg 5w, https:\/\/josemanuelrestrepoied.edu.co\/wp-content\/uploads\/2026\/04\/IMG_20260406_150254_225-scaled.jpg 1152w\" sizes=\"auto, (max-width: 461px) 100vw, 461px\" \/><figcaption class=\"wp-element-caption\">0-1728&#215;3840-1-0#<\/figcaption><\/figure>\n\n\n\n<figure class=\"wp-block-image size-large\"><img loading=\"lazy\" decoding=\"async\" width=\"461\" height=\"1024\" data-id=\"344\" src=\"https:\/\/josemanuelrestrepoied.edu.co\/wp-content\/uploads\/2026\/04\/IMG_20260407_140309_891-461x1024.jpg\" alt=\"\" class=\"wp-image-344\" srcset=\"https:\/\/josemanuelrestrepoied.edu.co\/wp-content\/uploads\/2026\/04\/IMG_20260407_140309_891-461x1024.jpg 461w, https:\/\/josemanuelrestrepoied.edu.co\/wp-content\/uploads\/2026\/04\/IMG_20260407_140309_891-135x300.jpg 135w, https:\/\/josemanuelrestrepoied.edu.co\/wp-content\/uploads\/2026\/04\/IMG_20260407_140309_891-768x1707.jpg 768w, https:\/\/josemanuelrestrepoied.edu.co\/wp-content\/uploads\/2026\/04\/IMG_20260407_140309_891-691x1536.jpg 691w, https:\/\/josemanuelrestrepoied.edu.co\/wp-content\/uploads\/2026\/04\/IMG_20260407_140309_891-922x2048.jpg 922w, https:\/\/josemanuelrestrepoied.edu.co\/wp-content\/uploads\/2026\/04\/IMG_20260407_140309_891-5x12.jpg 5w, https:\/\/josemanuelrestrepoied.edu.co\/wp-content\/uploads\/2026\/04\/IMG_20260407_140309_891-scaled.jpg 1152w\" sizes=\"auto, (max-width: 461px) 100vw, 461px\" \/><figcaption class=\"wp-element-caption\">0-1728&#215;3840-1-0#<\/figcaption><\/figure>\n\n\n\n<figure class=\"wp-block-image size-large\"><img loading=\"lazy\" decoding=\"async\" width=\"1024\" height=\"461\" data-id=\"345\" src=\"https:\/\/josemanuelrestrepoied.edu.co\/wp-content\/uploads\/2026\/04\/IMG_20260409_115524_945-1024x461.jpg\" alt=\"\" class=\"wp-image-345\" srcset=\"https:\/\/josemanuelrestrepoied.edu.co\/wp-content\/uploads\/2026\/04\/IMG_20260409_115524_945-1024x461.jpg 1024w, https:\/\/josemanuelrestrepoied.edu.co\/wp-content\/uploads\/2026\/04\/IMG_20260409_115524_945-300x135.jpg 300w, https:\/\/josemanuelrestrepoied.edu.co\/wp-content\/uploads\/2026\/04\/IMG_20260409_115524_945-768x346.jpg 768w, https:\/\/josemanuelrestrepoied.edu.co\/wp-content\/uploads\/2026\/04\/IMG_20260409_115524_945-1536x691.jpg 1536w, https:\/\/josemanuelrestrepoied.edu.co\/wp-content\/uploads\/2026\/04\/IMG_20260409_115524_945-2048x922.jpg 2048w, https:\/\/josemanuelrestrepoied.edu.co\/wp-content\/uploads\/2026\/04\/IMG_20260409_115524_945-18x8.jpg 18w\" sizes=\"auto, (max-width: 1024px) 100vw, 1024px\" \/><figcaption class=\"wp-element-caption\">0-3840&#215;1728-1-0#<\/figcaption><\/figure>\n<\/figure>\n<\/div>\n<\/div>\n<\/div><\/div>\n\n\n\n<p>Para este a\u00f1o, la edici\u00f3n conmemorativa estuvo acompa\u00f1ada de actos teatrales, exposiciones pl\u00e1sticas y producciones escriturales de prensa estudiantil, a las que se vincularon ni\u00f1as, ni\u00f1os y adolescentes del colegio. Una vez m\u00e1s, el sentido pedag\u00f3gico de esta actividad apunta a la sensibilizaci\u00f3n de la comunidad restrepista respecto las secuelas del conflicto armado en la poblaci\u00f3n colombiana, la solidaridad con quienes han padecido la guerra y la necesidad de construir la paz desde la cotidianidad.<\/p>\n","protected":false},"excerpt":{"rendered":"<p>Edici\u00f3n especial del peri\u00f3dico del colegio \u00abChisme Acad\u00e9mico\u00bb 14 de abril de 2026 Con motivo de la conmemoraci\u00f3n del 9 de abril, el proyecto Polifon\u00eda de las memorias realiz\u00f3 una edici\u00f3n especial del peri\u00f3dico del colegio \u00abChisme Acad\u00e9mico\u00bb, la cual&hellip;<\/p>","protected":false},"author":2,"featured_media":0,"parent":0,"menu_order":0,"comment_status":"closed","ping_status":"closed","template":"","meta":{"footnotes":""},"class_list":["post-328","page","type-page","status-publish","hentry"],"_links":{"self":[{"href":"https:\/\/josemanuelrestrepoied.edu.co\/en\/wp-json\/wp\/v2\/pages\/328","targetHints":{"allow":["GET"]}}],"collection":[{"href":"https:\/\/josemanuelrestrepoied.edu.co\/en\/wp-json\/wp\/v2\/pages"}],"about":[{"href":"https:\/\/josemanuelrestrepoied.edu.co\/en\/wp-json\/wp\/v2\/types\/page"}],"author":[{"embeddable":true,"href":"https:\/\/josemanuelrestrepoied.edu.co\/en\/wp-json\/wp\/v2\/users\/2"}],"replies":[{"embeddable":true,"href":"https:\/\/josemanuelrestrepoied.edu.co\/en\/wp-json\/wp\/v2\/comments?post=328"}],"version-history":[{"count":5,"href":"https:\/\/josemanuelrestrepoied.edu.co\/en\/wp-json\/wp\/v2\/pages\/328\/revisions"}],"predecessor-version":[{"id":349,"href":"https:\/\/josemanuelrestrepoied.edu.co\/en\/wp-json\/wp\/v2\/pages\/328\/revisions\/349"}],"wp:attachment":[{"href":"https:\/\/josemanuelrestrepoied.edu.co\/en\/wp-json\/wp\/v2\/media?parent=328"}],"curies":[{"name":"wp","href":"https:\/\/api.w.org\/{rel}","templated":true}]}}