{"id":65,"date":"2026-03-05T16:40:05","date_gmt":"2026-03-05T16:40:05","guid":{"rendered":"https:\/\/josemanuelrestrepoied.edu.co\/?page_id=65"},"modified":"2026-03-05T17:30:33","modified_gmt":"2026-03-05T17:30:33","slug":"horizonte","status":"publish","type":"page","link":"https:\/\/josemanuelrestrepoied.edu.co\/en\/horizonte\/","title":{"rendered":"Horizon"},"content":{"rendered":"<h2 class=\"wp-block-heading has-text-align-center\">VISION<\/h2>\n\n\n\n<p class=\"has-text-align-left\">The Jos\u00e9 Manuel Restrepo School will be recognized at the district level for its development of bilingual programs and its progress toward obtaining certification as a National Bilingual School, educating citizens with strong character and high levels of critical thinking who are competent in social, scientific, technological, and cultural fields, in line with the demands of globalization.<\/p>\n\n\n\n<hr class=\"wp-block-separator has-alpha-channel-opacity\"\/>\n\n\n\n<h2 class=\"wp-block-heading has-text-align-center\">MISSION<\/h2>\n\n\n\n<p>To promote the development of higher-order thinking skills, bilingual communication skills, and biopsychosocial, axiological, and technological competencies that enable the formation of well-rounded, proactive citizens capable of addressing the challenges of a changing society.<\/p>\n\n\n\n<p><\/p>","protected":false},"excerpt":{"rendered":"<p>VISI\u00d3N El Colegio Jos\u00e9 Manuel Restrepo ser\u00e1 reconocido a nivel distrital por el desarrollo de los procesos biling\u00fces y el tr\u00e1nsito para la obtenci\u00f3n de la resoluci\u00f3n como Colegio Biling\u00fce Nacional formando ciudadanos con calidad humana y altos niveles de&hellip;<\/p>","protected":false},"author":2,"featured_media":0,"parent":0,"menu_order":0,"comment_status":"closed","ping_status":"closed","template":"","meta":{"footnotes":""},"class_list":["post-65","page","type-page","status-publish","hentry"],"_links":{"self":[{"href":"https:\/\/josemanuelrestrepoied.edu.co\/en\/wp-json\/wp\/v2\/pages\/65","targetHints":{"allow":["GET"]}}],"collection":[{"href":"https:\/\/josemanuelrestrepoied.edu.co\/en\/wp-json\/wp\/v2\/pages"}],"about":[{"href":"https:\/\/josemanuelrestrepoied.edu.co\/en\/wp-json\/wp\/v2\/types\/page"}],"author":[{"embeddable":true,"href":"https:\/\/josemanuelrestrepoied.edu.co\/en\/wp-json\/wp\/v2\/users\/2"}],"replies":[{"embeddable":true,"href":"https:\/\/josemanuelrestrepoied.edu.co\/en\/wp-json\/wp\/v2\/comments?post=65"}],"version-history":[{"count":3,"href":"https:\/\/josemanuelrestrepoied.edu.co\/en\/wp-json\/wp\/v2\/pages\/65\/revisions"}],"predecessor-version":[{"id":78,"href":"https:\/\/josemanuelrestrepoied.edu.co\/en\/wp-json\/wp\/v2\/pages\/65\/revisions\/78"}],"wp:attachment":[{"href":"https:\/\/josemanuelrestrepoied.edu.co\/en\/wp-json\/wp\/v2\/media?parent=65"}],"curies":[{"name":"wp","href":"https:\/\/api.w.org\/{rel}","templated":true}]}}