{"id":68,"date":"2026-03-05T16:40:19","date_gmt":"2026-03-05T16:40:19","guid":{"rendered":"https:\/\/josemanuelrestrepoied.edu.co\/?page_id=68"},"modified":"2026-03-05T17:13:08","modified_gmt":"2026-03-05T17:13:08","slug":"simbolos","status":"publish","type":"page","link":"https:\/\/josemanuelrestrepoied.edu.co\/en\/simbolos\/","title":{"rendered":"Symbols"},"content":{"rendered":"<h2 class=\"wp-block-heading has-text-align-center\">Uniforme <\/h2>\n\n\n<div class=\"wp-block-image\">\n<figure class=\"aligncenter size-full is-resized\"><img loading=\"lazy\" decoding=\"async\" width=\"682\" height=\"1024\" src=\"https:\/\/josemanuelrestrepoied.edu.co\/wp-content\/uploads\/2026\/03\/uniformeia.jpg\" alt=\"\" class=\"wp-image-73\" style=\"aspect-ratio:0.6660158538013979;width:399px;height:auto\" srcset=\"https:\/\/josemanuelrestrepoied.edu.co\/wp-content\/uploads\/2026\/03\/uniformeia.jpg 682w, https:\/\/josemanuelrestrepoied.edu.co\/wp-content\/uploads\/2026\/03\/uniformeia-200x300.jpg 200w\" sizes=\"auto, (max-width: 682px) 100vw, 682px\" \/><\/figure>\n<\/div>\n\n\n<hr class=\"wp-block-separator has-alpha-channel-opacity\"\/>\n\n\n\n<h2 class=\"wp-block-heading has-text-align-center\">HIMNO DEL COLEGIO<br>JOS\u00c9 MANUEL RESTREPO IED<\/h2>\n\n\n\n<p class=\"has-text-align-center\">I<br>Colegio sin igual, tus<br>lecciones me ense\u00f1ar\u00e1n,<br>a llevarte siempre en mi<br>mente, como un hijo activo<br>ser\u00e9<\/p>\n\n\n\n<p class=\"has-text-align-center\"><br>CORO<br>Los frutos que daremos, a<br>mi patria servir\u00e1n<br>en beneficio siempre<br>de nuestra sociedad<br><\/p>\n\n\n\n<p class=\"has-text-align-center\">II<br>Como lema llevar\u00e1s amor<br>a la libertad, sabidur\u00eda y<br>ciencia mi colegio siempre<br>impregnar\u00e1<\/p>\n\n\n\n<p class=\"has-text-align-center\"><br>NUESTRO NOMBRE:<br>JOS\u00c9 MANUEL RESTREPO<br>Primer historiador<br>colombiano<\/p>","protected":false},"excerpt":{"rendered":"<p>Uniforme HIMNO DEL COLEGIOJOS\u00c9 MANUEL RESTREPO IED IColegio sin igual, tuslecciones me ense\u00f1ar\u00e1n,a llevarte siempre en mimente, como un hijo activoser\u00e9 COROLos frutos que daremos, ami patria servir\u00e1nen beneficio siemprede nuestra sociedad IIComo lema llevar\u00e1s amora la libertad, sabidur\u00eda yciencia&hellip;<\/p>","protected":false},"author":2,"featured_media":0,"parent":0,"menu_order":0,"comment_status":"closed","ping_status":"closed","template":"","meta":{"footnotes":""},"class_list":["post-68","page","type-page","status-publish","hentry"],"_links":{"self":[{"href":"https:\/\/josemanuelrestrepoied.edu.co\/en\/wp-json\/wp\/v2\/pages\/68","targetHints":{"allow":["GET"]}}],"collection":[{"href":"https:\/\/josemanuelrestrepoied.edu.co\/en\/wp-json\/wp\/v2\/pages"}],"about":[{"href":"https:\/\/josemanuelrestrepoied.edu.co\/en\/wp-json\/wp\/v2\/types\/page"}],"author":[{"embeddable":true,"href":"https:\/\/josemanuelrestrepoied.edu.co\/en\/wp-json\/wp\/v2\/users\/2"}],"replies":[{"embeddable":true,"href":"https:\/\/josemanuelrestrepoied.edu.co\/en\/wp-json\/wp\/v2\/comments?post=68"}],"version-history":[{"count":4,"href":"https:\/\/josemanuelrestrepoied.edu.co\/en\/wp-json\/wp\/v2\/pages\/68\/revisions"}],"predecessor-version":[{"id":74,"href":"https:\/\/josemanuelrestrepoied.edu.co\/en\/wp-json\/wp\/v2\/pages\/68\/revisions\/74"}],"wp:attachment":[{"href":"https:\/\/josemanuelrestrepoied.edu.co\/en\/wp-json\/wp\/v2\/media?parent=68"}],"curies":[{"name":"wp","href":"https:\/\/api.w.org\/{rel}","templated":true}]}}