{"id":89,"date":"2026-03-05T17:33:20","date_gmt":"2026-03-05T17:33:20","guid":{"rendered":"https:\/\/josemanuelrestrepoied.edu.co\/?page_id=89"},"modified":"2026-04-14T18:56:54","modified_gmt":"2026-04-14T18:56:54","slug":"una-nueva-mirada-para-ser-y-crecer","status":"publish","type":"page","link":"https:\/\/josemanuelrestrepoied.edu.co\/en\/una-nueva-mirada-para-ser-y-crecer\/","title":{"rendered":"A new perspective on Being and Growing"},"content":{"rendered":"<h2 class=\"wp-block-heading has-text-align-center\">\u00c1REA\u00a0 SOCIALES<\/h2>\n\n\n<div class=\"wp-block-image\">\n<figure class=\"aligncenter size-large is-resized\"><img loading=\"lazy\" decoding=\"async\" width=\"1024\" height=\"768\" src=\"https:\/\/josemanuelrestrepoied.edu.co\/wp-content\/uploads\/2026\/04\/WhatsApp-Image-2026-03-24-at-10.05.56-AM-1024x768.jpeg\" alt=\"\" class=\"wp-image-354\" style=\"width:579px;height:auto\" srcset=\"https:\/\/josemanuelrestrepoied.edu.co\/wp-content\/uploads\/2026\/04\/WhatsApp-Image-2026-03-24-at-10.05.56-AM-1024x768.jpeg 1024w, https:\/\/josemanuelrestrepoied.edu.co\/wp-content\/uploads\/2026\/04\/WhatsApp-Image-2026-03-24-at-10.05.56-AM-300x225.jpeg 300w, https:\/\/josemanuelrestrepoied.edu.co\/wp-content\/uploads\/2026\/04\/WhatsApp-Image-2026-03-24-at-10.05.56-AM-768x576.jpeg 768w, https:\/\/josemanuelrestrepoied.edu.co\/wp-content\/uploads\/2026\/04\/WhatsApp-Image-2026-03-24-at-10.05.56-AM-16x12.jpeg 16w, https:\/\/josemanuelrestrepoied.edu.co\/wp-content\/uploads\/2026\/04\/WhatsApp-Image-2026-03-24-at-10.05.56-AM.jpeg 1280w\" sizes=\"auto, (max-width: 1024px) 100vw, 1024px\" \/><\/figure>\n<\/div>\n\n\n<p>El \u00e1rea de ciencias sociales se propone lograr la formaci\u00f3n integral de los estudiantes restrepistas desde la coherencia \u00e9tica del conocimiento pr\u00e1ctico para el desarrollo de cada uno de los valores desde la trascendencia de sus actos sociales, pol\u00edticos, econ\u00f3micos, culturales y personales, buscando el desarrollo y el progreso social del pa\u00eds y que se pueda establecer una comunidad en paz.<\/p>\n\n\n\n<p>El \u00e1rea genera estrategias que promuevan la formaci\u00f3n integral y fomenten los valores que consoliden el proyecto de vida de cada uno en el \u201cSer y Crecer\u201d. Al mismo tiempo, reconocemos al estudiante como sujeto protagonista de su aprendizaje que est\u00e1 en continua formaci\u00f3n.<\/p>","protected":false},"excerpt":{"rendered":"<p>\u00c1REA\u00a0 SOCIALES El \u00e1rea de ciencias sociales se propone lograr la formaci\u00f3n integral de los estudiantes restrepistas desde la coherencia \u00e9tica del conocimiento pr\u00e1ctico para el desarrollo de cada uno de los valores desde la trascendencia de sus actos sociales,&hellip;<\/p>","protected":false},"author":2,"featured_media":0,"parent":0,"menu_order":0,"comment_status":"closed","ping_status":"closed","template":"","meta":{"footnotes":""},"class_list":["post-89","page","type-page","status-publish","hentry"],"_links":{"self":[{"href":"https:\/\/josemanuelrestrepoied.edu.co\/en\/wp-json\/wp\/v2\/pages\/89","targetHints":{"allow":["GET"]}}],"collection":[{"href":"https:\/\/josemanuelrestrepoied.edu.co\/en\/wp-json\/wp\/v2\/pages"}],"about":[{"href":"https:\/\/josemanuelrestrepoied.edu.co\/en\/wp-json\/wp\/v2\/types\/page"}],"author":[{"embeddable":true,"href":"https:\/\/josemanuelrestrepoied.edu.co\/en\/wp-json\/wp\/v2\/users\/2"}],"replies":[{"embeddable":true,"href":"https:\/\/josemanuelrestrepoied.edu.co\/en\/wp-json\/wp\/v2\/comments?post=89"}],"version-history":[{"count":3,"href":"https:\/\/josemanuelrestrepoied.edu.co\/en\/wp-json\/wp\/v2\/pages\/89\/revisions"}],"predecessor-version":[{"id":356,"href":"https:\/\/josemanuelrestrepoied.edu.co\/en\/wp-json\/wp\/v2\/pages\/89\/revisions\/356"}],"wp:attachment":[{"href":"https:\/\/josemanuelrestrepoied.edu.co\/en\/wp-json\/wp\/v2\/media?parent=89"}],"curies":[{"name":"wp","href":"https:\/\/api.w.org\/{rel}","templated":true}]}}